{"id":653,"date":"2016-12-13T11:44:22","date_gmt":"2016-12-13T08:44:22","guid":{"rendered":"http:\/\/www.essofoda.org.tr\/oda\/?page_id=653"},"modified":"2022-06-10T13:10:29","modified_gmt":"2022-06-10T10:10:29","slug":"gerekli-belgeler-2","status":"publish","type":"page","link":"http:\/\/www.essofoda.org.tr\/oda\/gerekli-belgeler-2\/","title":{"rendered":"Gerekli Belgeler"},"content":{"rendered":"<p>[vc_row][vc_column][vc_custom_heading text=&#8221;SRC 5 Nedir, Kimler Almal\u0131d\u0131r ;&#8221; font_container=&#8221;tag:h2|text_align:left|color:%23dd3333&#8243;][vc_column_text]Src 5 belgesi karayolu ile Tehlikeli Madde (mal) Ta\u015f\u0131mac\u0131l\u0131\u011f\u0131 yapan ki\u015filerin almalar\u0131 zorunlu olan bir belge t\u00fcr\u00fcd\u00fcr. Kimyasal madde ta\u015f\u0131yan, yan\u0131c\u0131 madde ta\u015f\u0131yan, patlay\u0131c\u0131 madde ta\u015f\u0131yan ve buna benzer mal ta\u015f\u0131yan her s\u00fcr\u00fcc\u00fc <strong>src5 belgesi<\/strong> alarak arac\u0131 s\u00fcrmekle y\u00fck\u00fcml\u00fcd\u00fcr.<\/p>\n<p>SRC 3 (Uluslararas\u0131 e\u015fya-kargo ta\u015f\u0131mac\u0131l\u0131\u011f\u0131) yada<\/p>\n<p>SRC 4 (Yurti\u00e7i e\u015fya-kargo ta\u015f\u0131mac\u0131l\u0131\u011f\u0131) belgelerinden en az birisine sahip olunmas\u0131 gereklidir.[\/vc_column_text][vc_custom_heading text=&#8221;SRC 5 BELGES\u0130 \u0130\u00c7\u0130N KURSUMUZA KAYDINIZI YAPTIRAB\u0130LMEN\u0130Z \u0130\u00c7\u0130N GEREKL\u0130 OLAN BELGELER&#8221; font_container=&#8221;tag:h2|text_align:left|color:%23dd3333&#8243;][vc_column_text]<\/p>\n<ul>\n<li>N\u00fcfus c\u00fczdan\u0131 \/Kimlik kart\u0131 fotokopisi<\/li>\n<li><strong>2 adet<\/strong>vesikal\u0131k foto\u011fraf (4,5&#215;6) ebad\u0131nda olmal\u0131d\u0131r.<\/li>\n<li>S\u00fcr\u00fcc\u00fc belgesi fotokopisi<\/li>\n<li>SRC 3 veya SRC 4 mesleki yeterlilik belgesinin fotokopisi veya e-devlet \u00e7\u0131kt\u0131s\u0131<\/li>\n<li>Diploma veya \u00f6\u011frenim belgesi fotokopisi (varsa e-devletten al\u0131nabilir)<\/li>\n<\/ul>\n<p>[\/vc_column_text][\/vc_column][\/vc_row][vc_row][vc_column width=&#8221;1\/6&#8243;][\/vc_column][vc_column width=&#8221;2\/3&#8243;][vc_single_image image=&#8221;959&#8243; img_size=&#8221;full&#8221;][\/vc_column][vc_column width=&#8221;1\/6&#8243;][\/vc_column][\/vc_row][vc_row][vc_column][vc_column_text]SRC 5 Temel E\u011fitimi 19 saatten olu\u015fmaktad\u0131r.<\/p>\n<p>SRC 5 Tanker\u00a0E\u011fitimi 13 saatten olu\u015fmaktad\u0131r.<\/p>\n<p>SRC 5 S\u0131n\u0131f\u00a01\u00a0(Patlay\u0131c\u0131\u00a0Madde)\u00a0E\u011fitimi 8 saatten olu\u015fmaktad\u0131r.<\/p>\n<p>SRC 5 S\u0131n\u0131f\u00a07\u00a0(Radyoaktif\u00a0Madde)\u00a0E\u011fitimi 8 saatten olu\u015fmaktad\u0131r.<\/p>\n<p>SRC 5 Temel ve Tanker Yenileme E\u011fitim 9+6 = 15 saatten olu\u015fmaktad\u0131r.<\/p>\n<p>SRC \u00a05 Temel E\u011fitimi tek ba\u015f\u0131na al\u0131nabildi\u011fi gibi,<\/p>\n<p>SRC \u00a05 Temel E\u011fitimi ve SRC 5 Tanker\u00a0E\u011fitimi,<\/p>\n<p>SRC \u00a05 Temel E\u011fitimi ve SRC 5 S\u0131n\u0131f\u00a01\u00a0(Patlay\u0131c\u0131\u00a0Madde)\u00a0E\u011fitimi<\/p>\n<p>SRC 5 Temel E\u011fitimi ve SRC 5 S\u0131n\u0131f\u00a07\u00a0(Radyoaktif\u00a0Madde)\u00a0E\u011fitimi \u015feklinde de uygulanmaktad\u0131r.<\/p>\n<p>E\u011fitimler aral\u0131ks\u0131z olarak deneyimli e\u011fitmenimiz taraf\u0131ndan verilmektedir. E\u011fitimleri tamamlayan kat\u0131l\u0131mc\u0131lar Ula\u015ft\u0131rma, Denizcilik ve Haberle\u015fme Bakanl\u0131\u011f\u0131 taraf\u0131ndan yap\u0131lan s\u0131navlara harc\u0131n\u0131 \u00f6deyerek ba\u015fvurabilir. Yaz\u0131l\u0131 s\u0131navda 60 puan ve \u00fczerinde bir ba\u015far\u0131 elde etmeleri ve Mesleki Yeterlilik kart bedelini ilgili banka hesab\u0131na yat\u0131rmalar\u0131 halinde SRC 5 belgeleri adresine Bakanl\u0131k taraf\u0131ndan g\u00f6nderilmektedir.[\/vc_column_text][\/vc_column][\/vc_row][vc_row][vc_column][vc_images_carousel images=&#8221;957,956,955,954,953&#8243; img_size=&#8221;full&#8221; speed=&#8221;2000&#8243; slides_per_view=&#8221;3&#8243; autoplay=&#8221;yes&#8221; hide_pagination_control=&#8221;yes&#8221; wrap=&#8221;yes&#8221;][\/vc_column][\/vc_row]<\/p>\n","protected":false},"excerpt":{"rendered":"<p>[vc_row][vc_column][vc_custom_heading text=&#8221;SRC 5 Nedir, Kimler Almal\u0131d\u0131r ;&#8221; font_container=&#8221;tag:h2|text_align:left|color:%23dd3333&#8243;][vc_column_text]Src 5 belgesi karayolu ile Tehlikeli Madde (mal) Ta\u015f\u0131mac\u0131l\u0131\u011f\u0131 yapan ki\u015filerin almalar\u0131 zorunlu olan bir belge t\u00fcr\u00fcd\u00fcr. Kimyasal madde ta\u015f\u0131yan, yan\u0131c\u0131 madde ta\u015f\u0131yan, patlay\u0131c\u0131 madde ta\u015f\u0131yan ve buna benzer mal ta\u015f\u0131yan her s\u00fcr\u00fcc\u00fc src5 belgesi alarak arac\u0131 s\u00fcrmekle y\u00fck\u00fcml\u00fcd\u00fcr. SRC 3 (Uluslararas\u0131 e\u015fya-kargo ta\u015f\u0131mac\u0131l\u0131\u011f\u0131) yada SRC 4 (Yurti\u00e7i [&hellip;]<\/p>\n","protected":false},"author":1,"featured_media":0,"parent":0,"menu_order":0,"comment_status":"closed","ping_status":"closed","template":"","meta":{"footnotes":""},"class_list":["post-653","page","type-page","status-publish","hentry"],"yoast_head":"<!-- This site is optimized with the Yoast SEO plugin v24.3 - https:\/\/yoast.com\/wordpress\/plugins\/seo\/ -->\n<title>Gerekli Belgeler - Eski\u015fehir \u015e\u00f6f\u00f6rler Odas\u0131<\/title>\n<meta name=\"robots\" content=\"index, follow, max-snippet:-1, max-image-preview:large, max-video-preview:-1\" \/>\n<link rel=\"canonical\" href=\"http:\/\/www.essofoda.org.tr\/oda\/gerekli-belgeler-2\/\" \/>\n<meta property=\"og:locale\" content=\"tr_TR\" \/>\n<meta property=\"og:type\" content=\"article\" \/>\n<meta property=\"og:title\" content=\"Gerekli Belgeler - Eski\u015fehir \u015e\u00f6f\u00f6rler Odas\u0131\" \/>\n<meta property=\"og:description\" content=\"[vc_row][vc_column][vc_custom_heading text=&#8221;SRC 5 Nedir, Kimler Almal\u0131d\u0131r ;&#8221; font_container=&#8221;tag:h2|text_align:left|color:%23dd3333&#8243;][vc_column_text]Src 5 belgesi karayolu ile Tehlikeli Madde (mal) Ta\u015f\u0131mac\u0131l\u0131\u011f\u0131 yapan ki\u015filerin almalar\u0131 zorunlu olan bir belge t\u00fcr\u00fcd\u00fcr. Kimyasal madde ta\u015f\u0131yan, yan\u0131c\u0131 madde ta\u015f\u0131yan, patlay\u0131c\u0131 madde ta\u015f\u0131yan ve buna benzer mal ta\u015f\u0131yan her s\u00fcr\u00fcc\u00fc src5 belgesi alarak arac\u0131 s\u00fcrmekle y\u00fck\u00fcml\u00fcd\u00fcr. SRC 3 (Uluslararas\u0131 e\u015fya-kargo ta\u015f\u0131mac\u0131l\u0131\u011f\u0131) yada SRC 4 (Yurti\u00e7i [&hellip;]\" \/>\n<meta property=\"og:url\" content=\"http:\/\/www.essofoda.org.tr\/oda\/gerekli-belgeler-2\/\" \/>\n<meta property=\"og:site_name\" content=\"Eski\u015fehir \u015e\u00f6f\u00f6rler Odas\u0131\" \/>\n<meta property=\"article:modified_time\" content=\"2022-06-10T10:10:29+00:00\" \/>\n<meta name=\"twitter:card\" content=\"summary_large_image\" \/>\n<meta name=\"twitter:label1\" content=\"Tahmini okuma s\u00fcresi\" \/>\n\t<meta name=\"twitter:data1\" content=\"2 dakika\" \/>\n<script type=\"application\/ld+json\" class=\"yoast-schema-graph\">{\"@context\":\"https:\/\/schema.org\",\"@graph\":[{\"@type\":\"WebPage\",\"@id\":\"http:\/\/www.essofoda.org.tr\/oda\/gerekli-belgeler-2\/\",\"url\":\"http:\/\/www.essofoda.org.tr\/oda\/gerekli-belgeler-2\/\",\"name\":\"Gerekli Belgeler - Eski\u015fehir \u015e\u00f6f\u00f6rler Odas\u0131\",\"isPartOf\":{\"@id\":\"https:\/\/www.essofoda.org.tr\/oda\/#website\"},\"datePublished\":\"2016-12-13T08:44:22+00:00\",\"dateModified\":\"2022-06-10T10:10:29+00:00\",\"breadcrumb\":{\"@id\":\"http:\/\/www.essofoda.org.tr\/oda\/gerekli-belgeler-2\/#breadcrumb\"},\"inLanguage\":\"tr\",\"potentialAction\":[{\"@type\":\"ReadAction\",\"target\":[\"http:\/\/www.essofoda.org.tr\/oda\/gerekli-belgeler-2\/\"]}]},{\"@type\":\"BreadcrumbList\",\"@id\":\"http:\/\/www.essofoda.org.tr\/oda\/gerekli-belgeler-2\/#breadcrumb\",\"itemListElement\":[{\"@type\":\"ListItem\",\"position\":1,\"name\":\"Anasayfa\",\"item\":\"https:\/\/www.essofoda.org.tr\/oda\/\"},{\"@type\":\"ListItem\",\"position\":2,\"name\":\"Gerekli Belgeler\"}]},{\"@type\":\"WebSite\",\"@id\":\"https:\/\/www.essofoda.org.tr\/oda\/#website\",\"url\":\"https:\/\/www.essofoda.org.tr\/oda\/\",\"name\":\"Eski\u015fehir \u015e\u00f6f\u00f6rler Odas\u0131\",\"description\":\"T\u00fcrk \u015f\u00f6f\u00f6r\u00fc en asil duygunun insan\u0131d\u0131r.\",\"potentialAction\":[{\"@type\":\"SearchAction\",\"target\":{\"@type\":\"EntryPoint\",\"urlTemplate\":\"https:\/\/www.essofoda.org.tr\/oda\/?s={search_term_string}\"},\"query-input\":{\"@type\":\"PropertyValueSpecification\",\"valueRequired\":true,\"valueName\":\"search_term_string\"}}],\"inLanguage\":\"tr\"}]}<\/script>\n<!-- \/ Yoast SEO plugin. -->","yoast_head_json":{"title":"Gerekli Belgeler - Eski\u015fehir \u015e\u00f6f\u00f6rler Odas\u0131","robots":{"index":"index","follow":"follow","max-snippet":"max-snippet:-1","max-image-preview":"max-image-preview:large","max-video-preview":"max-video-preview:-1"},"canonical":"http:\/\/www.essofoda.org.tr\/oda\/gerekli-belgeler-2\/","og_locale":"tr_TR","og_type":"article","og_title":"Gerekli Belgeler - Eski\u015fehir \u015e\u00f6f\u00f6rler Odas\u0131","og_description":"[vc_row][vc_column][vc_custom_heading text=&#8221;SRC 5 Nedir, Kimler Almal\u0131d\u0131r ;&#8221; font_container=&#8221;tag:h2|text_align:left|color:%23dd3333&#8243;][vc_column_text]Src 5 belgesi karayolu ile Tehlikeli Madde (mal) Ta\u015f\u0131mac\u0131l\u0131\u011f\u0131 yapan ki\u015filerin almalar\u0131 zorunlu olan bir belge t\u00fcr\u00fcd\u00fcr. Kimyasal madde ta\u015f\u0131yan, yan\u0131c\u0131 madde ta\u015f\u0131yan, patlay\u0131c\u0131 madde ta\u015f\u0131yan ve buna benzer mal ta\u015f\u0131yan her s\u00fcr\u00fcc\u00fc src5 belgesi alarak arac\u0131 s\u00fcrmekle y\u00fck\u00fcml\u00fcd\u00fcr. SRC 3 (Uluslararas\u0131 e\u015fya-kargo ta\u015f\u0131mac\u0131l\u0131\u011f\u0131) yada SRC 4 (Yurti\u00e7i [&hellip;]","og_url":"http:\/\/www.essofoda.org.tr\/oda\/gerekli-belgeler-2\/","og_site_name":"Eski\u015fehir \u015e\u00f6f\u00f6rler Odas\u0131","article_modified_time":"2022-06-10T10:10:29+00:00","twitter_card":"summary_large_image","twitter_misc":{"Tahmini okuma s\u00fcresi":"2 dakika"},"schema":{"@context":"https:\/\/schema.org","@graph":[{"@type":"WebPage","@id":"http:\/\/www.essofoda.org.tr\/oda\/gerekli-belgeler-2\/","url":"http:\/\/www.essofoda.org.tr\/oda\/gerekli-belgeler-2\/","name":"Gerekli Belgeler - Eski\u015fehir \u015e\u00f6f\u00f6rler Odas\u0131","isPartOf":{"@id":"https:\/\/www.essofoda.org.tr\/oda\/#website"},"datePublished":"2016-12-13T08:44:22+00:00","dateModified":"2022-06-10T10:10:29+00:00","breadcrumb":{"@id":"http:\/\/www.essofoda.org.tr\/oda\/gerekli-belgeler-2\/#breadcrumb"},"inLanguage":"tr","potentialAction":[{"@type":"ReadAction","target":["http:\/\/www.essofoda.org.tr\/oda\/gerekli-belgeler-2\/"]}]},{"@type":"BreadcrumbList","@id":"http:\/\/www.essofoda.org.tr\/oda\/gerekli-belgeler-2\/#breadcrumb","itemListElement":[{"@type":"ListItem","position":1,"name":"Anasayfa","item":"https:\/\/www.essofoda.org.tr\/oda\/"},{"@type":"ListItem","position":2,"name":"Gerekli Belgeler"}]},{"@type":"WebSite","@id":"https:\/\/www.essofoda.org.tr\/oda\/#website","url":"https:\/\/www.essofoda.org.tr\/oda\/","name":"Eski\u015fehir \u015e\u00f6f\u00f6rler Odas\u0131","description":"T\u00fcrk \u015f\u00f6f\u00f6r\u00fc en asil duygunun insan\u0131d\u0131r.","potentialAction":[{"@type":"SearchAction","target":{"@type":"EntryPoint","urlTemplate":"https:\/\/www.essofoda.org.tr\/oda\/?s={search_term_string}"},"query-input":{"@type":"PropertyValueSpecification","valueRequired":true,"valueName":"search_term_string"}}],"inLanguage":"tr"}]}},"_links":{"self":[{"href":"http:\/\/www.essofoda.org.tr\/oda\/wp-json\/wp\/v2\/pages\/653","targetHints":{"allow":["GET"]}}],"collection":[{"href":"http:\/\/www.essofoda.org.tr\/oda\/wp-json\/wp\/v2\/pages"}],"about":[{"href":"http:\/\/www.essofoda.org.tr\/oda\/wp-json\/wp\/v2\/types\/page"}],"author":[{"embeddable":true,"href":"http:\/\/www.essofoda.org.tr\/oda\/wp-json\/wp\/v2\/users\/1"}],"replies":[{"embeddable":true,"href":"http:\/\/www.essofoda.org.tr\/oda\/wp-json\/wp\/v2\/comments?post=653"}],"version-history":[{"count":7,"href":"http:\/\/www.essofoda.org.tr\/oda\/wp-json\/wp\/v2\/pages\/653\/revisions"}],"predecessor-version":[{"id":970,"href":"http:\/\/www.essofoda.org.tr\/oda\/wp-json\/wp\/v2\/pages\/653\/revisions\/970"}],"wp:attachment":[{"href":"http:\/\/www.essofoda.org.tr\/oda\/wp-json\/wp\/v2\/media?parent=653"}],"curies":[{"name":"wp","href":"https:\/\/api.w.org\/{rel}","templated":true}]}}