{"id":996,"date":"2022-06-17T09:33:22","date_gmt":"2022-06-17T06:33:22","guid":{"rendered":"http:\/\/www.essofoda.org.tr\/oda\/?page_id=996"},"modified":"2022-06-17T09:42:52","modified_gmt":"2022-06-17T06:42:52","slug":"ody-2-gerekli-bilgi-ve-belgeler","status":"publish","type":"page","link":"http:\/\/www.essofoda.org.tr\/oda\/ody-2-gerekli-bilgi-ve-belgeler\/","title":{"rendered":"ODY-2 Gerekli Bilgi Ve Belgeler"},"content":{"rendered":"<p>[vc_custom_heading text=&#8221;ODY 2 Yurti\u00e7i Yolcu Ta\u015f\u0131mac\u0131l\u0131\u011f\u0131&#8221; font_container=&#8221;tag:h2|text_align:left|color:%23dd3333&#8243;][vc_column_text]Karayolu Ta\u015f\u0131ma Y\u00f6netmeli\u011fi kapsam\u0131nda faaliyet g\u00f6steren bir ger\u00e7ek veya t\u00fczel ki\u015fili\u011fin veya buna ait ba\u011f\u0131ms\u0131z bir birimin ta\u015f\u0131mac\u0131l\u0131k faaliyetlerini s\u00fcrekli ve etkin bir \u015fekilde sevk ve idare eden m\u00fcd\u00fcr\/idareci, \u015fef, uzman, operasyon y\u00f6neticisi, operat\u00f6r ve benzeri unvanlarla istihdam edilen ki\u015filerin almas\u0131 gereken belgedir.[vc_row][vc_column width=&#8221;1\/1&#8243;][vc_column_text][\/vc_column_text][vc_row][vc_column][vc_column_text][\/vc_column_text][\/vc_column][\/vc_row][vc_custom_heading text=&#8221;ODY 2 BELGES\u0130 \u0130\u00c7\u0130N KURSUMUZA KAYDINIZI YAPTIRAB\u0130LMEN\u0130Z \u0130\u00c7\u0130N GEREKL\u0130 OLAN BELGELER&#8221; font_container=&#8221;tag:h4|text_align:left|color:%23dd3333&#8243;][vc_column_text]<\/p>\n<ul>\n<li>N\u00fcfus c\u00fczdan\u0131 \/Kimlik kart\u0131 fotokopisi<\/li>\n<li><strong>2 adet <\/strong>biyometrik foto\u011fraf<\/li>\n<li>S\u00fcr\u00fcc\u00fc belgesi fotokopisi<\/li>\n<li>Diploma veya \u00f6\u011frenim belgesi fotokopisi (varsa e-devletten al\u0131nabilir)<\/li>\n<li>Adli sicil kayd\u0131 (e-devletten al\u0131nabilir)<\/li>\n<\/ul>\n<p>[vc_column][vc_images_carousel images=&#8221;957,956,955,954,953&#8243; img_size=&#8221;full&#8221; speed=&#8221;2000&#8243; slides_per_view=&#8221;3&#8243; autoplay=&#8221;yes&#8221; hide_pagination_control=&#8221;yes&#8221; wrap=&#8221;yes&#8221;][vc_row][\/vc_row][vc_column_text][\/vc_column_text]<\/p>\n","protected":false},"excerpt":{"rendered":"<p>[vc_custom_heading text=&#8221;ODY 2 Yurti\u00e7i Yolcu Ta\u015f\u0131mac\u0131l\u0131\u011f\u0131&#8221; font_container=&#8221;tag:h2|text_align:left|color:%23dd3333&#8243;][vc_column_text]Karayolu Ta\u015f\u0131ma Y\u00f6netmeli\u011fi kapsam\u0131nda faaliyet g\u00f6steren bir ger\u00e7ek veya t\u00fczel ki\u015fili\u011fin veya buna ait ba\u011f\u0131ms\u0131z bir birimin ta\u015f\u0131mac\u0131l\u0131k faaliyetlerini s\u00fcrekli ve etkin bir \u015fekilde sevk ve idare eden m\u00fcd\u00fcr\/idareci, \u015fef, uzman, operasyon y\u00f6neticisi, operat\u00f6r ve benzeri unvanlarla istihdam edilen ki\u015filerin almas\u0131 gereken belgedir.[vc_row][vc_column width=&#8221;1\/1&#8243;][vc_column_text][\/vc_column_text][vc_row][vc_column][vc_column_text][\/vc_column_text][\/vc_column][\/vc_row][vc_custom_heading text=&#8221;ODY 2 BELGES\u0130 \u0130\u00c7\u0130N KURSUMUZA [&hellip;]<\/p>\n","protected":false},"author":1,"featured_media":0,"parent":0,"menu_order":0,"comment_status":"closed","ping_status":"closed","template":"","meta":{"footnotes":""},"class_list":["post-996","page","type-page","status-publish","hentry"],"yoast_head":"<!-- This site is optimized with the Yoast SEO plugin v24.3 - https:\/\/yoast.com\/wordpress\/plugins\/seo\/ -->\n<title>ODY-2 Gerekli Bilgi Ve Belgeler - Eski\u015fehir \u015e\u00f6f\u00f6rler Odas\u0131<\/title>\n<meta name=\"robots\" content=\"index, follow, max-snippet:-1, max-image-preview:large, max-video-preview:-1\" \/>\n<link rel=\"canonical\" href=\"http:\/\/www.essofoda.org.tr\/oda\/ody-2-gerekli-bilgi-ve-belgeler\/\" \/>\n<meta property=\"og:locale\" content=\"tr_TR\" \/>\n<meta property=\"og:type\" content=\"article\" \/>\n<meta property=\"og:title\" content=\"ODY-2 Gerekli Bilgi Ve Belgeler - Eski\u015fehir \u015e\u00f6f\u00f6rler Odas\u0131\" \/>\n<meta property=\"og:description\" content=\"[vc_custom_heading text=&#8221;ODY 2 Yurti\u00e7i Yolcu Ta\u015f\u0131mac\u0131l\u0131\u011f\u0131&#8221; font_container=&#8221;tag:h2|text_align:left|color:%23dd3333&#8243;][vc_column_text]Karayolu Ta\u015f\u0131ma Y\u00f6netmeli\u011fi kapsam\u0131nda faaliyet g\u00f6steren bir ger\u00e7ek veya t\u00fczel ki\u015fili\u011fin veya buna ait ba\u011f\u0131ms\u0131z bir birimin ta\u015f\u0131mac\u0131l\u0131k faaliyetlerini s\u00fcrekli ve etkin bir \u015fekilde sevk ve idare eden m\u00fcd\u00fcr\/idareci, \u015fef, uzman, operasyon y\u00f6neticisi, operat\u00f6r ve benzeri unvanlarla istihdam edilen ki\u015filerin almas\u0131 gereken belgedir.[vc_row][vc_column width=&#8221;1\/1&#8243;][vc_column_text][\/vc_column_text][vc_row][vc_column][vc_column_text][\/vc_column_text][\/vc_column][\/vc_row][vc_custom_heading text=&#8221;ODY 2 BELGES\u0130 \u0130\u00c7\u0130N KURSUMUZA [&hellip;]\" \/>\n<meta property=\"og:url\" content=\"http:\/\/www.essofoda.org.tr\/oda\/ody-2-gerekli-bilgi-ve-belgeler\/\" \/>\n<meta property=\"og:site_name\" content=\"Eski\u015fehir \u015e\u00f6f\u00f6rler Odas\u0131\" \/>\n<meta property=\"article:modified_time\" content=\"2022-06-17T06:42:52+00:00\" \/>\n<meta name=\"twitter:card\" content=\"summary_large_image\" \/>\n<meta name=\"twitter:label1\" content=\"Tahmini okuma s\u00fcresi\" \/>\n\t<meta name=\"twitter:data1\" content=\"1 dakika\" \/>\n<script type=\"application\/ld+json\" class=\"yoast-schema-graph\">{\"@context\":\"https:\/\/schema.org\",\"@graph\":[{\"@type\":\"WebPage\",\"@id\":\"http:\/\/www.essofoda.org.tr\/oda\/ody-2-gerekli-bilgi-ve-belgeler\/\",\"url\":\"http:\/\/www.essofoda.org.tr\/oda\/ody-2-gerekli-bilgi-ve-belgeler\/\",\"name\":\"ODY-2 Gerekli Bilgi Ve Belgeler - Eski\u015fehir \u015e\u00f6f\u00f6rler Odas\u0131\",\"isPartOf\":{\"@id\":\"http:\/\/www.essofoda.org.tr\/oda\/#website\"},\"datePublished\":\"2022-06-17T06:33:22+00:00\",\"dateModified\":\"2022-06-17T06:42:52+00:00\",\"breadcrumb\":{\"@id\":\"http:\/\/www.essofoda.org.tr\/oda\/ody-2-gerekli-bilgi-ve-belgeler\/#breadcrumb\"},\"inLanguage\":\"tr\",\"potentialAction\":[{\"@type\":\"ReadAction\",\"target\":[\"http:\/\/www.essofoda.org.tr\/oda\/ody-2-gerekli-bilgi-ve-belgeler\/\"]}]},{\"@type\":\"BreadcrumbList\",\"@id\":\"http:\/\/www.essofoda.org.tr\/oda\/ody-2-gerekli-bilgi-ve-belgeler\/#breadcrumb\",\"itemListElement\":[{\"@type\":\"ListItem\",\"position\":1,\"name\":\"Anasayfa\",\"item\":\"http:\/\/www.essofoda.org.tr\/oda\/\"},{\"@type\":\"ListItem\",\"position\":2,\"name\":\"ODY-2 Gerekli Bilgi Ve Belgeler\"}]},{\"@type\":\"WebSite\",\"@id\":\"http:\/\/www.essofoda.org.tr\/oda\/#website\",\"url\":\"http:\/\/www.essofoda.org.tr\/oda\/\",\"name\":\"Eski\u015fehir \u015e\u00f6f\u00f6rler Odas\u0131\",\"description\":\"T\u00fcrk \u015f\u00f6f\u00f6r\u00fc en asil duygunun insan\u0131d\u0131r.\",\"potentialAction\":[{\"@type\":\"SearchAction\",\"target\":{\"@type\":\"EntryPoint\",\"urlTemplate\":\"http:\/\/www.essofoda.org.tr\/oda\/?s={search_term_string}\"},\"query-input\":{\"@type\":\"PropertyValueSpecification\",\"valueRequired\":true,\"valueName\":\"search_term_string\"}}],\"inLanguage\":\"tr\"}]}<\/script>\n<!-- \/ Yoast SEO plugin. -->","yoast_head_json":{"title":"ODY-2 Gerekli Bilgi Ve Belgeler - Eski\u015fehir \u015e\u00f6f\u00f6rler Odas\u0131","robots":{"index":"index","follow":"follow","max-snippet":"max-snippet:-1","max-image-preview":"max-image-preview:large","max-video-preview":"max-video-preview:-1"},"canonical":"http:\/\/www.essofoda.org.tr\/oda\/ody-2-gerekli-bilgi-ve-belgeler\/","og_locale":"tr_TR","og_type":"article","og_title":"ODY-2 Gerekli Bilgi Ve Belgeler - Eski\u015fehir \u015e\u00f6f\u00f6rler Odas\u0131","og_description":"[vc_custom_heading text=&#8221;ODY 2 Yurti\u00e7i Yolcu Ta\u015f\u0131mac\u0131l\u0131\u011f\u0131&#8221; font_container=&#8221;tag:h2|text_align:left|color:%23dd3333&#8243;][vc_column_text]Karayolu Ta\u015f\u0131ma Y\u00f6netmeli\u011fi kapsam\u0131nda faaliyet g\u00f6steren bir ger\u00e7ek veya t\u00fczel ki\u015fili\u011fin veya buna ait ba\u011f\u0131ms\u0131z bir birimin ta\u015f\u0131mac\u0131l\u0131k faaliyetlerini s\u00fcrekli ve etkin bir \u015fekilde sevk ve idare eden m\u00fcd\u00fcr\/idareci, \u015fef, uzman, operasyon y\u00f6neticisi, operat\u00f6r ve benzeri unvanlarla istihdam edilen ki\u015filerin almas\u0131 gereken belgedir.[vc_row][vc_column width=&#8221;1\/1&#8243;][vc_column_text][\/vc_column_text][vc_row][vc_column][vc_column_text][\/vc_column_text][\/vc_column][\/vc_row][vc_custom_heading text=&#8221;ODY 2 BELGES\u0130 \u0130\u00c7\u0130N KURSUMUZA [&hellip;]","og_url":"http:\/\/www.essofoda.org.tr\/oda\/ody-2-gerekli-bilgi-ve-belgeler\/","og_site_name":"Eski\u015fehir \u015e\u00f6f\u00f6rler Odas\u0131","article_modified_time":"2022-06-17T06:42:52+00:00","twitter_card":"summary_large_image","twitter_misc":{"Tahmini okuma s\u00fcresi":"1 dakika"},"schema":{"@context":"https:\/\/schema.org","@graph":[{"@type":"WebPage","@id":"http:\/\/www.essofoda.org.tr\/oda\/ody-2-gerekli-bilgi-ve-belgeler\/","url":"http:\/\/www.essofoda.org.tr\/oda\/ody-2-gerekli-bilgi-ve-belgeler\/","name":"ODY-2 Gerekli Bilgi Ve Belgeler - Eski\u015fehir \u015e\u00f6f\u00f6rler Odas\u0131","isPartOf":{"@id":"http:\/\/www.essofoda.org.tr\/oda\/#website"},"datePublished":"2022-06-17T06:33:22+00:00","dateModified":"2022-06-17T06:42:52+00:00","breadcrumb":{"@id":"http:\/\/www.essofoda.org.tr\/oda\/ody-2-gerekli-bilgi-ve-belgeler\/#breadcrumb"},"inLanguage":"tr","potentialAction":[{"@type":"ReadAction","target":["http:\/\/www.essofoda.org.tr\/oda\/ody-2-gerekli-bilgi-ve-belgeler\/"]}]},{"@type":"BreadcrumbList","@id":"http:\/\/www.essofoda.org.tr\/oda\/ody-2-gerekli-bilgi-ve-belgeler\/#breadcrumb","itemListElement":[{"@type":"ListItem","position":1,"name":"Anasayfa","item":"http:\/\/www.essofoda.org.tr\/oda\/"},{"@type":"ListItem","position":2,"name":"ODY-2 Gerekli Bilgi Ve Belgeler"}]},{"@type":"WebSite","@id":"http:\/\/www.essofoda.org.tr\/oda\/#website","url":"http:\/\/www.essofoda.org.tr\/oda\/","name":"Eski\u015fehir \u015e\u00f6f\u00f6rler Odas\u0131","description":"T\u00fcrk \u015f\u00f6f\u00f6r\u00fc en asil duygunun insan\u0131d\u0131r.","potentialAction":[{"@type":"SearchAction","target":{"@type":"EntryPoint","urlTemplate":"http:\/\/www.essofoda.org.tr\/oda\/?s={search_term_string}"},"query-input":{"@type":"PropertyValueSpecification","valueRequired":true,"valueName":"search_term_string"}}],"inLanguage":"tr"}]}},"_links":{"self":[{"href":"http:\/\/www.essofoda.org.tr\/oda\/wp-json\/wp\/v2\/pages\/996","targetHints":{"allow":["GET"]}}],"collection":[{"href":"http:\/\/www.essofoda.org.tr\/oda\/wp-json\/wp\/v2\/pages"}],"about":[{"href":"http:\/\/www.essofoda.org.tr\/oda\/wp-json\/wp\/v2\/types\/page"}],"author":[{"embeddable":true,"href":"http:\/\/www.essofoda.org.tr\/oda\/wp-json\/wp\/v2\/users\/1"}],"replies":[{"embeddable":true,"href":"http:\/\/www.essofoda.org.tr\/oda\/wp-json\/wp\/v2\/comments?post=996"}],"version-history":[{"count":4,"href":"http:\/\/www.essofoda.org.tr\/oda\/wp-json\/wp\/v2\/pages\/996\/revisions"}],"predecessor-version":[{"id":1006,"href":"http:\/\/www.essofoda.org.tr\/oda\/wp-json\/wp\/v2\/pages\/996\/revisions\/1006"}],"wp:attachment":[{"href":"http:\/\/www.essofoda.org.tr\/oda\/wp-json\/wp\/v2\/media?parent=996"}],"curies":[{"name":"wp","href":"https:\/\/api.w.org\/{rel}","templated":true}]}}